{"id":2,"date":"2019-01-10T21:31:02","date_gmt":"2019-01-10T20:31:02","guid":{"rendered":"http:\/\/localhost\/?page_id=2"},"modified":"2024-02-05T10:54:19","modified_gmt":"2024-02-05T09:54:19","slug":"beispiel-seite","status":"publish","type":"page","link":"https:\/\/www.erstehilfeparty-owl.de\/index.php\/beispiel-seite\/","title":{"rendered":"Preise"},"content":{"rendered":"\n<p>&nbsp;Der Preis setzt sich aus vielen Faktoren zusammen: Vor- und  Nachbereitung, Verbrauchsmaterialien, regelm\u00e4\u00dfige Erneuerung der  \u00dcbungspuppen und anderen Materialien, Arbeitszeit (ja ich verdiene mit  dieser T\u00e4tigkeit meinen Lebensunterhalt \ud83d\ude09 ), sowie Steuern, Versicherungen, Fahrtkosten und weitere Abgaben. Diese Kosten steigen nat\u00fcrlich regelm\u00e4\u00dfig und m\u00fcssen daher auf meine Kursgeb\u00fchren umgelegt werden.<br><br><strong>Je nachdem wo die Kurse stattfinden, ob uns eine Raummiete in Rechnung gestellt wird oder Getr\u00e4nke  \/ Snacks angeboten werden, kann die Kursgeb\u00fchr h\u00f6her ausfallen!&nbsp;<\/strong><\/p>\n\n\n\n<p><\/p>\n\n\n\n<p><br><br><\/p>\n\n\n\n<p>Ab 2024 betr\u00e4gt die Kursgeb\u00fchr f\u00fcr Privatveranstaltungen <br><\/p>\n\n\n\n<p><strong>35,- Euro<\/strong> pro Person. <br><br><br><br><\/p>\n\n\n\n<p><strong><br><\/strong><\/p>\n\n\n\n<p> <br><strong>Anfahrtskosten<\/strong> <br>&#8230;werden nicht berechnet, allerdings erh\u00f6ht sich mit der Entfernung auch die Mindestanzahl. Diese ist von dem Weg oder aber auch der Anfahrtszeit (dies kann ja unterschiedlich sein)  abh\u00e4ngig und sollte im Vorfeld besprochen werden.<\/p>\n\n\n\n<p><\/p>\n","protected":false},"excerpt":{"rendered":"<p>&nbsp;Der Preis setzt sich aus vielen Faktoren zusammen: Vor- und Nachbereitung, Verbrauchsmaterialien, regelm\u00e4\u00dfige Erneuerung der \u00dcbungspuppen und anderen Materialien, Arbeitszeit (ja ich verdiene mit dieser T\u00e4tigkeit meinen Lebensunterhalt \ud83d\ude09 ), sowie Steuern, Versicherungen, Fahrtkosten und weitere Abgaben. Diese Kosten steigen nat\u00fcrlich regelm\u00e4\u00dfig und m\u00fcssen daher auf meine Kursgeb\u00fchren umgelegt werden. Je nachdem wo die Kurse [&hellip;]<\/p>\n","protected":false},"author":2,"featured_media":0,"parent":0,"menu_order":0,"comment_status":"closed","ping_status":"open","template":"","meta":{"footnotes":""},"_links":{"self":[{"href":"https:\/\/www.erstehilfeparty-owl.de\/index.php\/wp-json\/wp\/v2\/pages\/2"}],"collection":[{"href":"https:\/\/www.erstehilfeparty-owl.de\/index.php\/wp-json\/wp\/v2\/pages"}],"about":[{"href":"https:\/\/www.erstehilfeparty-owl.de\/index.php\/wp-json\/wp\/v2\/types\/page"}],"author":[{"embeddable":true,"href":"https:\/\/www.erstehilfeparty-owl.de\/index.php\/wp-json\/wp\/v2\/users\/2"}],"replies":[{"embeddable":true,"href":"https:\/\/www.erstehilfeparty-owl.de\/index.php\/wp-json\/wp\/v2\/comments?post=2"}],"version-history":[{"count":14,"href":"https:\/\/www.erstehilfeparty-owl.de\/index.php\/wp-json\/wp\/v2\/pages\/2\/revisions"}],"predecessor-version":[{"id":197,"href":"https:\/\/www.erstehilfeparty-owl.de\/index.php\/wp-json\/wp\/v2\/pages\/2\/revisions\/197"}],"wp:attachment":[{"href":"https:\/\/www.erstehilfeparty-owl.de\/index.php\/wp-json\/wp\/v2\/media?parent=2"}],"curies":[{"name":"wp","href":"https:\/\/api.w.org\/{rel}","templated":true}]}}